{"id":2370,"date":"2022-04-13T13:00:55","date_gmt":"2022-04-13T13:00:55","guid":{"rendered":"https:\/\/injoy.com.pt\/loja\/?post_type=product&#038;p=2370"},"modified":"2024-07-11T14:48:58","modified_gmt":"2024-07-11T14:48:58","slug":"vale-de-oferta","status":"publish","type":"product","link":"https:\/\/injoy.com.pt\/loja\/produto\/vale-de-oferta\/","title":{"rendered":"Vale de Oferta"},"content":{"rendered":"<p style=\"text-align: left;\">O <a href=\"https:\/\/injoy.com.pt\/produto\/curso-de-introducao-de-alimentos-dos-pures-ao-baby-led-weaning\/\">Curso de Introdu\u00e7\u00e3o de Alimentos On-line<\/a> pretende clarificar as quest\u00f5es dos pais e fornecer dicas pr\u00e1ticas e validadas pela ci\u00eancia sobre: que alimentos oferecer, quando e como; que receitas preparar; como preparar e armazenar os alimentos, etc.<\/p>\n<p style=\"text-align: left;\">Este vale de oferta \u00e9 v\u00e1lido por 12 meses.<\/p>\n","protected":false},"excerpt":{"rendered":"<p>O Curso de Introdu\u00e7\u00e3o de Alimentos On-line pretende clarificar as quest\u00f5es dos pais e fornecer dicas pr\u00e1ticas e validadas pela ci\u00eancia sobre: que alimentos oferecer, quando e como; que receitas preparar; como preparar e armazenar os alimentos, etc. Este vale de oferta \u00e9 v\u00e1lido por 12 meses.<\/p>\n","protected":false},"featured_media":2338,"comment_status":"open","ping_status":"closed","template":"","meta":[],"product_brand":[],"product_cat":[59],"product_tag":[],"class_list":{"0":"post-2370","1":"product","2":"type-product","3":"status-publish","4":"has-post-thumbnail","6":"product_cat-vale-de-oferta","8":"first","9":"instock","10":"downloadable","11":"virtual","12":"purchasable","13":"product-type-simple"},"_links":{"self":[{"href":"https:\/\/injoy.com.pt\/loja\/wp-json\/wp\/v2\/product\/2370","targetHints":{"allow":["GET"]}}],"collection":[{"href":"https:\/\/injoy.com.pt\/loja\/wp-json\/wp\/v2\/product"}],"about":[{"href":"https:\/\/injoy.com.pt\/loja\/wp-json\/wp\/v2\/types\/product"}],"replies":[{"embeddable":true,"href":"https:\/\/injoy.com.pt\/loja\/wp-json\/wp\/v2\/comments?post=2370"}],"version-history":[{"count":4,"href":"https:\/\/injoy.com.pt\/loja\/wp-json\/wp\/v2\/product\/2370\/revisions"}],"predecessor-version":[{"id":2719,"href":"https:\/\/injoy.com.pt\/loja\/wp-json\/wp\/v2\/product\/2370\/revisions\/2719"}],"wp:featuredmedia":[{"embeddable":true,"href":"https:\/\/injoy.com.pt\/loja\/wp-json\/wp\/v2\/media\/2338"}],"wp:attachment":[{"href":"https:\/\/injoy.com.pt\/loja\/wp-json\/wp\/v2\/media?parent=2370"}],"wp:term":[{"taxonomy":"product_brand","embeddable":true,"href":"https:\/\/injoy.com.pt\/loja\/wp-json\/wp\/v2\/product_brand?post=2370"},{"taxonomy":"product_cat","embeddable":true,"href":"https:\/\/injoy.com.pt\/loja\/wp-json\/wp\/v2\/product_cat?post=2370"},{"taxonomy":"product_tag","embeddable":true,"href":"https:\/\/injoy.com.pt\/loja\/wp-json\/wp\/v2\/product_tag?post=2370"}],"curies":[{"name":"wp","href":"https:\/\/api.w.org\/{rel}","templated":true}]}}