{"id":2807,"date":"2025-02-14T16:14:38","date_gmt":"2025-02-14T16:14:38","guid":{"rendered":"https:\/\/injoy.com.pt\/loja\/?post_type=product&#038;p=2807"},"modified":"2026-03-17T11:53:55","modified_gmt":"2026-03-17T11:53:55","slug":"2807","status":"publish","type":"product","link":"https:\/\/injoy.com.pt\/loja\/produto\/2807\/","title":{"rendered":"Guia &#8220;Sopas Nutritivas para Beb\u00e9&#8221;"},"content":{"rendered":"<p>Este guia pretende guiar os pais na prepara\u00e7\u00e3o de sopas nutritivas para o beb\u00e9.<\/p>\n<p>&nbsp;<\/p>\n<p><strong>O porqu\u00ea deste guia:<\/strong><\/p>\n<p>\u00c9 hoje consensual que a sopa \u00e9 uma boa op\u00e7\u00e3o para iniciar a introdu\u00e7\u00e3o alimentar, pela variedade de nutrientes e de sabores que oferece. \u00c9 que nascemos programados para gostar do sabor doce e precisamos de aprender a gostar do sabor amargo e \u00e1cido. Apesar disto, <em>\u00e9 ainda comum recomendar que se inicie a introdu\u00e7\u00e3o alimentar com uma sopa com um ou mais vegetais \u201ccor-de-laranja\u201d na base, como a ab\u00f3bora ou a cenoura<\/em>. Esta presen\u00e7a pode conferir um sabor doce \u00e0 sopa e desta forma n\u00e3o ensinamos o beb\u00e9 a gostar de outros sabores. <em>\u00c9 ainda comum recomendar-se uma sopa com uma base em que a batata pode ser substitu\u00edda por chuchu, curgete ou couve-flor<\/em>. Mas n\u00e3o queremos de todo oferecer uma sopa \u201cde dieta\u201d ao beb\u00e9. A batata deve ser substitu\u00edda por arroz, massa ou outro alimento rico em amido e calorias.<\/p>\n<p>Decidi, por isso, publicar este guia como forma de ensinar mais fam\u00edlias a nutrir bem os seus beb\u00e9s. Encontrar\u00e3o receitas equilibradas nutricionalmente e assim ter\u00e3o a garantia de nutrir bem o beb\u00e9. As sopas que convosco partilho foram j\u00e1 aprovadas por muitas fam\u00edlias que acompanhei em consulta.<\/p>\n<p>Espero que gostem!<\/p>\n<p>Lisa Afonso, Nutricionista Infantil<\/p>\n<p>&nbsp;<\/p>\n<p><strong>\u00cdndice:<\/strong><\/p>\n<ul>\n<li>O porqu\u00ea deste guia (p\u00e1g.3)<\/li>\n<li>A import\u00e2ncia da sopa para o beb\u00e9 (p\u00e1g.4)<\/li>\n<li>Erros comuns na prepara\u00e7\u00e3o da sopa (p\u00e1g.5)<\/li>\n<li>Sopas nutritivas para beb\u00e9 (p\u00e1g.9)<\/li>\n<li>Consist\u00eancia ideal da sopa (p\u00e1g.11)<\/li>\n<li>Quantidade ideal de sopa (p\u00e1g.13)<\/li>\n<li>Receitas de sopas (p\u00e1g.14)<\/li>\n<li>Quest\u00f5es frequentes (p\u00e1g.22)<\/li>\n<\/ul>\n<p>&nbsp;<\/p>\n<p><strong>Aproveite o pre\u00e7o promocional!<\/strong><\/p>\n","protected":false},"excerpt":{"rendered":"<p><img fetchpriority=\"high\" decoding=\"async\" class=\"alignnone size-medium wp-image-2808\" src=\"https:\/\/injoy.com.pt\/loja\/wp-content\/uploads\/2025\/02\/Ebook-Sopas-Capa-209x300.png\" alt=\"\" width=\"209\" height=\"300\" srcset=\"https:\/\/injoy.com.pt\/loja\/wp-content\/uploads\/2025\/02\/Ebook-Sopas-Capa-209x300.png 209w, https:\/\/injoy.com.pt\/loja\/wp-content\/uploads\/2025\/02\/Ebook-Sopas-Capa-713x1024.png 713w, https:\/\/injoy.com.pt\/loja\/wp-content\/uploads\/2025\/02\/Ebook-Sopas-Capa-768x1103.png 768w, https:\/\/injoy.com.pt\/loja\/wp-content\/uploads\/2025\/02\/Ebook-Sopas-Capa-1070x1536.png 1070w, https:\/\/injoy.com.pt\/loja\/wp-content\/uploads\/2025\/02\/Ebook-Sopas-Capa-600x862.png 600w, https:\/\/injoy.com.pt\/loja\/wp-content\/uploads\/2025\/02\/Ebook-Sopas-Capa.png 1135w\" sizes=\"(max-width: 209px) 100vw, 209px\" \/><img decoding=\"async\" class=\"alignnone size-medium wp-image-2809\" src=\"https:\/\/injoy.com.pt\/loja\/wp-content\/uploads\/2025\/02\/Indice_Guia-Sopas-241x300.png\" alt=\"\" width=\"241\" height=\"300\" srcset=\"https:\/\/injoy.com.pt\/loja\/wp-content\/uploads\/2025\/02\/Indice_Guia-Sopas-241x300.png 241w, https:\/\/injoy.com.pt\/loja\/wp-content\/uploads\/2025\/02\/Indice_Guia-Sopas-822x1024.png 822w, https:\/\/injoy.com.pt\/loja\/wp-content\/uploads\/2025\/02\/Indice_Guia-Sopas-768x957.png 768w, https:\/\/injoy.com.pt\/loja\/wp-content\/uploads\/2025\/02\/Indice_Guia-Sopas-1233x1536.png 1233w, https:\/\/injoy.com.pt\/loja\/wp-content\/uploads\/2025\/02\/Indice_Guia-Sopas-600x747.png 600w, https:\/\/injoy.com.pt\/loja\/wp-content\/uploads\/2025\/02\/Indice_Guia-Sopas.png 1315w\" sizes=\"(max-width: 241px) 100vw, 241px\" \/><img decoding=\"async\" class=\"alignnone size-medium wp-image-2810\" src=\"https:\/\/injoy.com.pt\/loja\/wp-content\/uploads\/2025\/02\/O-Porque-deste-guia-205x300.png\" alt=\"\" width=\"205\" height=\"300\" srcset=\"https:\/\/injoy.com.pt\/loja\/wp-content\/uploads\/2025\/02\/O-Porque-deste-guia-205x300.png 205w, https:\/\/injoy.com.pt\/loja\/wp-content\/uploads\/2025\/02\/O-Porque-deste-guia-701x1024.png 701w, https:\/\/injoy.com.pt\/loja\/wp-content\/uploads\/2025\/02\/O-Porque-deste-guia-768x1122.png 768w, https:\/\/injoy.com.pt\/loja\/wp-content\/uploads\/2025\/02\/O-Porque-deste-guia-1052x1536.png 1052w, https:\/\/injoy.com.pt\/loja\/wp-content\/uploads\/2025\/02\/O-Porque-deste-guia-600x876.png 600w, https:\/\/injoy.com.pt\/loja\/wp-content\/uploads\/2025\/02\/O-Porque-deste-guia.png 1129w\" sizes=\"(max-width: 205px) 100vw, 205px\" \/><\/p>\n","protected":false},"featured_media":2819,"comment_status":"open","ping_status":"closed","template":"","meta":[],"product_brand":[],"product_cat":[61],"product_tag":[],"class_list":{"0":"post-2807","1":"product","2":"type-product","3":"status-publish","4":"has-post-thumbnail","6":"product_cat-guias","8":"first","9":"instock","10":"sale","11":"downloadable","12":"virtual","13":"purchasable","14":"product-type-simple"},"_links":{"self":[{"href":"https:\/\/injoy.com.pt\/loja\/wp-json\/wp\/v2\/product\/2807","targetHints":{"allow":["GET"]}}],"collection":[{"href":"https:\/\/injoy.com.pt\/loja\/wp-json\/wp\/v2\/product"}],"about":[{"href":"https:\/\/injoy.com.pt\/loja\/wp-json\/wp\/v2\/types\/product"}],"replies":[{"embeddable":true,"href":"https:\/\/injoy.com.pt\/loja\/wp-json\/wp\/v2\/comments?post=2807"}],"version-history":[{"count":13,"href":"https:\/\/injoy.com.pt\/loja\/wp-json\/wp\/v2\/product\/2807\/revisions"}],"predecessor-version":[{"id":2937,"href":"https:\/\/injoy.com.pt\/loja\/wp-json\/wp\/v2\/product\/2807\/revisions\/2937"}],"wp:featuredmedia":[{"embeddable":true,"href":"https:\/\/injoy.com.pt\/loja\/wp-json\/wp\/v2\/media\/2819"}],"wp:attachment":[{"href":"https:\/\/injoy.com.pt\/loja\/wp-json\/wp\/v2\/media?parent=2807"}],"wp:term":[{"taxonomy":"product_brand","embeddable":true,"href":"https:\/\/injoy.com.pt\/loja\/wp-json\/wp\/v2\/product_brand?post=2807"},{"taxonomy":"product_cat","embeddable":true,"href":"https:\/\/injoy.com.pt\/loja\/wp-json\/wp\/v2\/product_cat?post=2807"},{"taxonomy":"product_tag","embeddable":true,"href":"https:\/\/injoy.com.pt\/loja\/wp-json\/wp\/v2\/product_tag?post=2807"}],"curies":[{"name":"wp","href":"https:\/\/api.w.org\/{rel}","templated":true}]}}